{"id":15,"date":"2024-04-09T12:54:26","date_gmt":"2024-04-09T12:54:26","guid":{"rendered":"https:\/\/shan-hd.de\/?page_id=15"},"modified":"2025-10-25T15:37:51","modified_gmt":"2025-10-25T14:37:51","slug":"ueber-uns","status":"publish","type":"page","link":"https:\/\/shan-hd.de\/index.php\/ueber-uns\/","title":{"rendered":"\u00dcber uns"},"content":{"rendered":"\n<div class=\"wp-block-group alignfull has-background has-global-padding is-layout-constrained wp-container-core-group-is-layout-669513ed wp-block-group-is-layout-constrained\" style=\"background-color:#0000ff;margin-top:0;margin-bottom:0;padding-top:var(--wp--preset--spacing--50);padding-right:var(--wp--preset--spacing--50);padding-bottom:var(--wp--preset--spacing--50);padding-left:var(--wp--preset--spacing--50)\">\n<div class=\"wp-block-columns alignwide is-layout-flex wp-container-core-columns-is-layout-1da03c2a wp-block-columns-is-layout-flex\">\n<div class=\"wp-block-column is-vertically-aligned-stretch is-layout-flow wp-block-column-is-layout-flow\" style=\"flex-basis:50%\">\n<div class=\"wp-block-group is-vertical is-content-justification-stretch is-layout-flex wp-container-core-group-is-layout-444d5ee8 wp-block-group-is-layout-flex\" style=\"min-height:100%\">\n<h3 class=\"wp-block-heading has-base-color has-text-color has-link-color wp-elements-1995ee8bc046ca5ba46312467c91cd8e\" id=\"anker_Werwirsind\">Wer wir sind<\/h3>\n\n\n\n<p class=\"has-base-color has-text-color has-link-color wp-elements-2e93b57c7032a2a587a1be255c756f0d\">Der gemeinn\u00fctzige Verein Sinologie Heidelberg Alumni Netzwerk (SHAN e.V.) wurde im Mai 2006 von Studierenden&nbsp; des Instituts f\u00fcr Sinologie der Universit\u00e4t Heidelberg gegr\u00fcndet. Er ist in erster Linie ein Netzwerk f\u00fcr Studierende und Absolventen. Grundlage des Netzwerks bilden Kontakte zu Alumni in unterschiedlichen Berufsfeldern \u00fcberall auf der Welt. Au\u00dferdem widmet sich der Verein der Kn\u00fcpfung eines internationalen Netzwerks von China-Experten und China-Interessierten.<\/p>\n\n\n\n<p class=\"has-base-color has-text-color has-link-color wp-elements-f69664f440aa29781228da890cf9e1f4\">Mit seinen knapp 200 Mitgliedern bietet SHAN eine einmalige Gelegenheit f\u00fcr SinologInnen, Kontakte zu kn\u00fcpfen, auch nach dem Studium in Verbindung zu bleiben, und den eigenen Horizont zu erweitern.<\/p>\n\n\n\n<div class=\"wp-block-group is-layout-grid wp-container-core-group-is-layout-478b6e6b wp-block-group-is-layout-grid\"><\/div>\n<\/div>\n<\/div>\n\n\n\n<div class=\"wp-block-column is-vertically-aligned-center is-layout-flow wp-block-column-is-layout-flow\" style=\"flex-basis:50%\">\n<figure class=\"wp-block-image size-full is-resized is-style-rounded is-style-rounded--1\"><img loading=\"lazy\" decoding=\"async\" width=\"266\" height=\"400\" src=\"https:\/\/shan-hd.de\/wp-content\/uploads\/2024\/04\/shan_logo_bruecke.jpg\" alt=\"\" class=\"wp-image-16\" style=\"aspect-ratio:0.75;object-fit:cover;width:416px;height:auto\" srcset=\"https:\/\/shan-hd.de\/wp-content\/uploads\/2024\/04\/shan_logo_bruecke.jpg 266w, https:\/\/shan-hd.de\/wp-content\/uploads\/2024\/04\/shan_logo_bruecke-200x300.jpg 200w\" sizes=\"auto, (max-width: 266px) 100vw, 266px\" \/><\/figure>\n<\/div>\n<\/div>\n<\/div>\n\n\n\n<div class=\"wp-block-group alignfull has-base-background-color has-background has-global-padding is-layout-constrained wp-container-core-group-is-layout-d89aad35 wp-block-group-is-layout-constrained\" style=\"margin-top:0;margin-bottom:0;padding-top:var(--wp--preset--spacing--50);padding-right:var(--wp--preset--spacing--50);padding-bottom:var(--wp--preset--spacing--50);padding-left:var(--wp--preset--spacing--50)\">\n<div class=\"wp-block-columns alignwide is-layout-flex wp-container-core-columns-is-layout-549b0c86 wp-block-columns-is-layout-flex\">\n<div class=\"wp-block-column is-layout-flow wp-container-core-column-is-layout-119bc444 wp-block-column-is-layout-flow\" style=\"flex-basis:60%\">\n<p class=\"has-heading-font-family has-xx-large-font-size\" style=\"line-height:1.2\">Was wir tun <\/p>\n<\/div>\n\n\n\n<div class=\"wp-block-column has-global-padding is-content-justification-left is-layout-constrained wp-container-core-column-is-layout-4f15e8fe wp-block-column-is-layout-constrained\" style=\"flex-basis:40%\">\n<p>SHAN organisiert unter anderem Aktionen wie Vortr\u00e4ge, Workshops und Lesungen. Dar\u00fcber hinaus hat SHAN seine Aufgaben auf vier Teams verteilt, in denen sich Studierende und Alumni aktiv f\u00fcr den Verein einsetzen.<\/p>\n<\/div>\n<\/div>\n<\/div>\n\n\n\n<div class=\"wp-block-group alignfull has-base-color has-text-color has-background has-link-color wp-elements-e814d17a756c56a57b27bdf4dc3f7d04 has-global-padding is-layout-constrained wp-container-core-group-is-layout-d89aad35 wp-block-group-is-layout-constrained\" style=\"background-color:#0000ff;margin-top:0;margin-bottom:0;padding-top:var(--wp--preset--spacing--50);padding-right:var(--wp--preset--spacing--50);padding-bottom:var(--wp--preset--spacing--50);padding-left:var(--wp--preset--spacing--50)\">\n<div class=\"wp-block-columns alignwide is-layout-flex wp-container-core-columns-is-layout-1da03c2a wp-block-columns-is-layout-flex\">\n<div class=\"wp-block-column is-layout-flow wp-block-column-is-layout-flow\" style=\"flex-basis:40%\">\n<h2 class=\"wp-block-heading has-base-color has-text-color has-link-color wp-elements-90da220c28aaddaffc27bd4cb9f2edd5\">Team Alumni<\/h2>\n\n\n\n<p>Das&nbsp;<a href=\"https:\/\/www.zo.uni-heidelberg.de\/sinologie\/shan\/about\/alumni.html\">Team<\/a><a href=\"https:\/\/shan-hd.de\/index.php\/team-alumni\/\"> <\/a><a href=\"https:\/\/www.zo.uni-heidelberg.de\/sinologie\/shan\/about\/alumni.html\">Alumni<\/a>&nbsp;pflegt die Kontakte zu den Ehemaligen und veranstaltet alle zwei Jahre die Ehemaligenfeier.<br>Kontakt:&nbsp;<a href=\"mailto:shan.team@zo.uni-heidelberg.de\">shan.team [at] zo.uni-heidelberg.de<\/a><\/p>\n\n\n\n<div class=\"wp-block-buttons is-layout-flex wp-block-buttons-is-layout-flex\">\n<div class=\"wp-block-button\"><a class=\"wp-block-button__link wp-element-button\" href=\"shan.team@zo.uni-heidelberg.de\">Email Kontakt<\/a><\/div>\n<\/div>\n<\/div>\n\n\n\n<div class=\"wp-block-column is-vertically-aligned-center is-layout-flow wp-block-column-is-layout-flow\" style=\"flex-basis:60%\">\n<figure class=\"wp-block-image size-full is-resized is-style-rounded wp-duotone-unset-3 is-style-rounded--2\"><img loading=\"lazy\" decoding=\"async\" width=\"1195\" height=\"797\" src=\"https:\/\/shan-hd.de\/wp-content\/uploads\/2024\/04\/ehemaligenfeier2019lr5.jpg\" alt=\"\" class=\"wp-image-19\" style=\"aspect-ratio:1.3333333333333333;object-fit:cover;width:295px;height:auto\" srcset=\"https:\/\/shan-hd.de\/wp-content\/uploads\/2024\/04\/ehemaligenfeier2019lr5.jpg 1195w, https:\/\/shan-hd.de\/wp-content\/uploads\/2024\/04\/ehemaligenfeier2019lr5-300x200.jpg 300w, https:\/\/shan-hd.de\/wp-content\/uploads\/2024\/04\/ehemaligenfeier2019lr5-1024x683.jpg 1024w, https:\/\/shan-hd.de\/wp-content\/uploads\/2024\/04\/ehemaligenfeier2019lr5-768x512.jpg 768w\" sizes=\"auto, (max-width: 1195px) 100vw, 1195px\" \/><\/figure>\n<\/div>\n<\/div>\n<\/div>\n\n\n\n<div class=\"wp-block-group alignfull has-contrast-color has-base-background-color has-text-color has-background has-link-color wp-elements-aba0245348761ccd359c30a103d9886a has-global-padding is-layout-constrained wp-container-core-group-is-layout-d89aad35 wp-block-group-is-layout-constrained\" style=\"margin-top:0;margin-bottom:0;padding-top:var(--wp--preset--spacing--50);padding-right:var(--wp--preset--spacing--50);padding-bottom:var(--wp--preset--spacing--50);padding-left:var(--wp--preset--spacing--50)\">\n<div class=\"wp-block-columns alignwide has-contrast-color has-text-color has-link-color wp-elements-f5c8aff2353e4e2d63bd662093673faf is-layout-flex wp-container-core-columns-is-layout-1da03c2a wp-block-columns-is-layout-flex\">\n<div class=\"wp-block-column is-layout-flow wp-block-column-is-layout-flow\" style=\"flex-basis:40%\">\n<h2 class=\"wp-block-heading has-contrast-color has-text-color has-link-color wp-elements-abc9858d73f9a5a9596344b5a1869371\">Team \u00d6ffentlich-keitsarbeit <\/h2>\n\n\n\n<p><\/p>\n\n\n\n<div class=\"wp-block-buttons is-layout-flex wp-block-buttons-is-layout-flex\">\n<div class=\"wp-block-button\"><a class=\"wp-block-button__link wp-element-button\" href=\"shan.pr@zo.uni-heidelberg.de\">Email Kontakt<\/a><\/div>\n<\/div>\n<\/div>\n\n\n\n<div class=\"wp-block-column is-vertically-aligned-center is-layout-flow wp-block-column-is-layout-flow\" style=\"flex-basis:60%\">\n<p>Das&nbsp;<a href=\"https:\/\/shan-hd.de\/index.php\/team-oeffentlichkeitsarbeit\/\">Team \u00d6ffentlichkeitsarbeit<\/a>&nbsp;ist f\u00fcr die Kommunikation nach innen und au\u00dfen zust\u00e4ndig. Zu den Aufgaben des PR-Teams&nbsp; z\u00e4hlen die Betreuung der Homepage oder die Herausgabe des SHAN-Newsletters.<br>Kontakt:&nbsp;<a href=\"mailto:shan.pr@zo.uni-heidelberg.de\">shan.pr [at] zo.uni-heidelberg.de<\/a><\/p>\n<\/div>\n<\/div>\n<\/div>\n\n\n\n<div class=\"wp-block-group alignfull has-base-color has-text-color has-background has-link-color wp-elements-158bf26852789df4d75a6e80c2da4561 has-global-padding is-layout-constrained wp-container-core-group-is-layout-d89aad35 wp-block-group-is-layout-constrained\" style=\"background-color:#0000ff;margin-top:0;margin-bottom:0;padding-top:var(--wp--preset--spacing--50);padding-right:var(--wp--preset--spacing--50);padding-bottom:var(--wp--preset--spacing--50);padding-left:var(--wp--preset--spacing--50)\">\n<div class=\"wp-block-columns alignwide is-layout-flex wp-container-core-columns-is-layout-1da03c2a wp-block-columns-is-layout-flex\">\n<div class=\"wp-block-column is-vertically-aligned-center is-layout-flow wp-block-column-is-layout-flow\" style=\"flex-basis:60%\">\n<figure class=\"wp-block-image size-full is-style-rounded wp-duotone-unset-5 is-style-rounded--4\"><img loading=\"lazy\" decoding=\"async\" width=\"2561\" height=\"1708\" src=\"https:\/\/shan-hd.de\/wp-content\/uploads\/2024\/04\/SHAN-23.05.30-10-edited.jpg\" alt=\"\" class=\"wp-image-23\" style=\"aspect-ratio:4\/3;object-fit:cover\" srcset=\"https:\/\/shan-hd.de\/wp-content\/uploads\/2024\/04\/SHAN-23.05.30-10-edited.jpg 2561w, https:\/\/shan-hd.de\/wp-content\/uploads\/2024\/04\/SHAN-23.05.30-10-edited-300x200.jpg 300w, https:\/\/shan-hd.de\/wp-content\/uploads\/2024\/04\/SHAN-23.05.30-10-edited-1024x683.jpg 1024w, https:\/\/shan-hd.de\/wp-content\/uploads\/2024\/04\/SHAN-23.05.30-10-edited-768x512.jpg 768w, https:\/\/shan-hd.de\/wp-content\/uploads\/2024\/04\/SHAN-23.05.30-10-edited-1536x1024.jpg 1536w, https:\/\/shan-hd.de\/wp-content\/uploads\/2024\/04\/SHAN-23.05.30-10-edited-2048x1366.jpg 2048w\" sizes=\"auto, (max-width: 2561px) 100vw, 2561px\" \/><\/figure>\n<\/div>\n\n\n\n<div class=\"wp-block-column is-layout-flow wp-block-column-is-layout-flow\" style=\"flex-basis:40%\">\n<h2 class=\"wp-block-heading has-base-color has-text-color has-link-color wp-elements-cf6cdb43e9b665ffd09e1529b578bc7a\">Team Unternehmens-kontakte\u00a0<\/h2>\n\n\n\n<p>Das\u00a0Team <a href=\"https:\/\/shan-hd.de\/index.php\/team-unternehmenskontakte\/\">Unternehmenskontakte<\/a>\u00a0kn\u00fcpft Verbindungen zur Wirtschaft und recherchiert nach Praktika und Jobangeboten.<br>Kontakt:\u00a0<a href=\"mailto:shan.sinoberuf@zo.uni-heidelberg.de\">shan.sinoberuf [at] zo.uni-heidelberg.de<\/a><\/p>\n\n\n\n<div class=\"wp-block-buttons is-layout-flex wp-block-buttons-is-layout-flex\">\n<div class=\"wp-block-button\"><a class=\"wp-block-button__link wp-element-button\" href=\"shan.sinoberuf@zo.uni-heidelberg.de\">Email Kontakt<\/a><\/div>\n<\/div>\n<\/div>\n<\/div>\n<\/div>\n\n\n\n<div class=\"wp-block-group alignfull has-contrast-color has-base-background-color has-text-color has-background has-link-color wp-elements-32779607a08a37521f1ea267715ee4d1 has-global-padding is-layout-constrained wp-container-core-group-is-layout-d89aad35 wp-block-group-is-layout-constrained\" style=\"margin-top:0;margin-bottom:0;padding-top:var(--wp--preset--spacing--50);padding-right:var(--wp--preset--spacing--50);padding-bottom:var(--wp--preset--spacing--50);padding-left:var(--wp--preset--spacing--50)\">\n<div class=\"wp-block-columns alignwide has-contrast-color has-text-color has-link-color wp-elements-2c5b344cae09276d4ac38a3639302c24 is-layout-flex wp-container-core-columns-is-layout-1da03c2a wp-block-columns-is-layout-flex\">\n<div class=\"wp-block-column is-layout-flow wp-block-column-is-layout-flow\" style=\"flex-basis:40%\">\n<h2 class=\"wp-block-heading has-contrast-color has-text-color has-link-color wp-elements-58e3745e3eeb018684708efbad893459\">Schulteam<\/h2>\n\n\n\n<p><\/p>\n\n\n\n<div class=\"wp-block-buttons is-layout-flex wp-block-buttons-is-layout-flex\">\n<div class=\"wp-block-button\"><a class=\"wp-block-button__link wp-element-button\" href=\"china-an-die-schulen@zo.uni-heidelberg.de\">Email Kontakt<\/a><\/div>\n<\/div>\n<\/div>\n\n\n\n<div class=\"wp-block-column is-vertically-aligned-center is-layout-flow wp-block-column-is-layout-flow\" style=\"flex-basis:60%\">\n<p>Das&nbsp;<a href=\"https:\/\/www.cats.uni-heidelberg.de\/studium\/cads.html\">Schulteam<\/a>&nbsp;unterrichtet an regionalen Schulen und hat es sich zur Aufgabe gemacht professionell gestalteten Chinesisch-Unterricht anzubieten. Mehr \u00fcber das Schulteam im&nbsp;<a href=\"http:\/\/heidelred.de\/2018\/08\/06\/china-an-die-schulen\/\">Podcast der Heidelred<\/a>.<br>Kontakt:&nbsp;<a href=\"mailto:china-an-die-schulen@zo.uni-heidelberg.de\">china-an-die-schulen [at] zo.uni-heidelberg.de<\/a><\/p>\n<\/div>\n<\/div>\n<\/div>\n\n\n\n<div class=\"wp-block-group alignwide has-global-padding is-layout-constrained wp-container-core-group-is-layout-669513ed wp-block-group-is-layout-constrained\" style=\"margin-top:0;margin-bottom:0;padding-top:var(--wp--preset--spacing--50);padding-right:var(--wp--preset--spacing--50);padding-bottom:var(--wp--preset--spacing--50);padding-left:var(--wp--preset--spacing--50)\">\n<div class=\"wp-block-group alignwide is-vertical is-content-justification-center is-layout-flex wp-container-core-group-is-layout-ce155fab wp-block-group-is-layout-flex\">\n<p class=\"has-text-align-center\"><\/p>\n\n\n\n<h2 class=\"wp-block-heading has-text-align-center has-xx-large-font-size\">Lerne unsern <a href=\"https:\/\/shan-hd.de\/index.php\/vorstand\/\">Vorstand<\/a> kennen<\/h2>\n<\/div>\n\n\n\n<div style=\"height:var(--wp--preset--spacing--30)\" aria-hidden=\"true\" class=\"wp-block-spacer\"><\/div>\n\n\n\n<div class=\"wp-block-columns alignwide is-layout-flex wp-container-core-columns-is-layout-4935966c wp-block-columns-is-layout-flex\" style=\"padding-right:0;padding-left:0\">\n<div class=\"wp-block-column is-layout-flow wp-block-column-is-layout-flow\">\n\n\n<div class=\"wp-block-group is-vertical is-content-justification-center is-nowrap is-layout-flex wp-container-core-group-is-layout-21d4e958 wp-block-group-is-layout-flex\">\n<p class=\"has-text-align-center has-small-font-size\"><strong>Bosen Zhang<\/strong><\/p>\n\n\n\n<p class=\"has-text-align-center has-small-font-size\">Vorstand<\/p>\n<\/div>\n<\/div>\n\n\n\n<div class=\"wp-block-column is-layout-flow wp-block-column-is-layout-flow\">\n\n\n<div class=\"wp-block-group is-vertical is-content-justification-center is-nowrap is-layout-flex wp-container-core-group-is-layout-63bfd6c1 wp-block-group-is-layout-flex\">\n<p class=\"has-text-align-center has-small-font-size\"><strong>Husein Rashidov<\/strong><\/p>\n\n\n\n<p class=\"has-text-align-center has-small-font-size\">1. stellvertretender Vorsitzender<\/p>\n<\/div>\n<\/div>\n\n\n\n<div class=\"wp-block-column is-layout-flow wp-block-column-is-layout-flow\">\n\n\n<div class=\"wp-block-group is-vertical is-content-justification-center is-nowrap is-layout-flex wp-container-core-group-is-layout-63bfd6c1 wp-block-group-is-layout-flex\">\n<p class=\"has-text-align-center has-small-font-size\"><strong>Nina Porta<\/strong><\/p>\n\n\n\n<p class=\"has-text-align-center has-small-font-size\">2. stellvertretende Vorsitzende <\/p>\n<\/div>\n<\/div>\n\n\n\n<div class=\"wp-block-column is-layout-flow wp-block-column-is-layout-flow\">\n\n\n<div class=\"wp-block-group is-vertical is-content-justification-center is-nowrap is-layout-flex wp-container-core-group-is-layout-21d4e958 wp-block-group-is-layout-flex\">\n<p class=\"has-text-align-center has-small-font-size\"><strong>Qiao-Di Wu<\/strong><\/p>\n\n\n\n<p class=\"has-text-align-center has-small-font-size\">Kassenwart<\/p>\n<\/div>\n<\/div>\n<\/div>\n<\/div>\n\n\n\n<p><\/p>\n\n\n\n<div class=\"wp-block-group alignfull has-global-padding is-layout-constrained wp-container-core-group-is-layout-d89aad35 wp-block-group-is-layout-constrained\" style=\"margin-top:0;margin-bottom:0;padding-top:var(--wp--preset--spacing--50);padding-right:var(--wp--preset--spacing--50);padding-bottom:var(--wp--preset--spacing--50);padding-left:var(--wp--preset--spacing--50)\"><\/div>\n","protected":false},"excerpt":{"rendered":"<p>Wer wir sind Der gemeinn\u00fctzige Verein Sinologie Heidelberg Alumni Netzwerk (SHAN e.V.) wurde im Mai 2006 von Studierenden&nbsp; des Instituts f\u00fcr Sinologie der Universit\u00e4t Heidelberg gegr\u00fcndet. Er ist in erster [&hellip;]<\/p>\n","protected":false},"author":1,"featured_media":0,"parent":0,"menu_order":0,"comment_status":"closed","ping_status":"closed","template":"","meta":{"_EventAllDay":false,"_EventTimezone":"","_EventStartDate":"","_EventEndDate":"","_EventStartDateUTC":"","_EventEndDateUTC":"","_EventShowMap":false,"_EventShowMapLink":false,"_EventURL":"","_EventCost":"","_EventCostDescription":"","_EventCurrencySymbol":"","_EventCurrencyCode":"","_EventCurrencyPosition":"","_EventDateTimeSeparator":"","_EventTimeRangeSeparator":"","_EventOrganizerID":[],"_EventVenueID":[],"_OrganizerEmail":"","_OrganizerPhone":"","_OrganizerWebsite":"","_VenueAddress":"","_VenueCity":"","_VenueCountry":"","_VenueProvince":"","_VenueState":"","_VenueZip":"","_VenuePhone":"","_VenueURL":"","_VenueStateProvince":"","_VenueLat":"","_VenueLng":"","_VenueShowMap":false,"_VenueShowMapLink":false,"footnotes":""},"class_list":["post-15","page","type-page","status-publish","hentry"],"yoast_head":"<!-- This site is optimized with the Yoast SEO plugin v26.2 - https:\/\/yoast.com\/wordpress\/plugins\/seo\/ -->\n<title>\u00dcber uns - SHAN e.V.<\/title>\n<meta name=\"robots\" content=\"index, follow, max-snippet:-1, max-image-preview:large, max-video-preview:-1\" \/>\n<link rel=\"canonical\" href=\"https:\/\/shan-hd.de\/index.php\/ueber-uns\/\" \/>\n<meta property=\"og:locale\" content=\"de_DE\" \/>\n<meta property=\"og:type\" content=\"article\" \/>\n<meta property=\"og:title\" content=\"\u00dcber uns - SHAN e.V.\" \/>\n<meta property=\"og:description\" content=\"Wer wir sind Der gemeinn\u00fctzige Verein Sinologie Heidelberg Alumni Netzwerk (SHAN e.V.) wurde im Mai 2006 von Studierenden&nbsp; des Instituts f\u00fcr Sinologie der Universit\u00e4t Heidelberg gegr\u00fcndet. Er ist in erster [&hellip;]\" \/>\n<meta property=\"og:url\" content=\"https:\/\/shan-hd.de\/index.php\/ueber-uns\/\" \/>\n<meta property=\"og:site_name\" content=\"SHAN e.V.\" \/>\n<meta property=\"article:modified_time\" content=\"2025-10-25T14:37:51+00:00\" \/>\n<meta property=\"og:image\" content=\"https:\/\/shan-hd.de\/wp-content\/uploads\/2024\/04\/shan_logo_bruecke.jpg\" \/>\n\t<meta property=\"og:image:width\" content=\"266\" \/>\n\t<meta property=\"og:image:height\" content=\"400\" \/>\n\t<meta property=\"og:image:type\" content=\"image\/jpeg\" \/>\n<meta name=\"twitter:card\" content=\"summary_large_image\" \/>\n<meta name=\"twitter:label1\" content=\"Gesch\u00e4tzte Lesezeit\" \/>\n\t<meta name=\"twitter:data1\" content=\"3\u00a0Minuten\" \/>\n<script type=\"application\/ld+json\" class=\"yoast-schema-graph\">{\"@context\":\"https:\/\/schema.org\",\"@graph\":[{\"@type\":\"WebPage\",\"@id\":\"https:\/\/shan-hd.de\/index.php\/ueber-uns\/\",\"url\":\"https:\/\/shan-hd.de\/index.php\/ueber-uns\/\",\"name\":\"\u00dcber uns - SHAN e.V.\",\"isPartOf\":{\"@id\":\"https:\/\/shan-hd.de\/#website\"},\"primaryImageOfPage\":{\"@id\":\"https:\/\/shan-hd.de\/index.php\/ueber-uns\/#primaryimage\"},\"image\":{\"@id\":\"https:\/\/shan-hd.de\/index.php\/ueber-uns\/#primaryimage\"},\"thumbnailUrl\":\"https:\/\/shan-hd.de\/wp-content\/uploads\/2024\/04\/shan_logo_bruecke.jpg\",\"datePublished\":\"2024-04-09T12:54:26+00:00\",\"dateModified\":\"2025-10-25T14:37:51+00:00\",\"breadcrumb\":{\"@id\":\"https:\/\/shan-hd.de\/index.php\/ueber-uns\/#breadcrumb\"},\"inLanguage\":\"de\",\"potentialAction\":[{\"@type\":\"ReadAction\",\"target\":[\"https:\/\/shan-hd.de\/index.php\/ueber-uns\/\"]}]},{\"@type\":\"ImageObject\",\"inLanguage\":\"de\",\"@id\":\"https:\/\/shan-hd.de\/index.php\/ueber-uns\/#primaryimage\",\"url\":\"https:\/\/shan-hd.de\/wp-content\/uploads\/2024\/04\/shan_logo_bruecke.jpg\",\"contentUrl\":\"https:\/\/shan-hd.de\/wp-content\/uploads\/2024\/04\/shan_logo_bruecke.jpg\",\"width\":266,\"height\":400},{\"@type\":\"BreadcrumbList\",\"@id\":\"https:\/\/shan-hd.de\/index.php\/ueber-uns\/#breadcrumb\",\"itemListElement\":[{\"@type\":\"ListItem\",\"position\":1,\"name\":\"Startseite\",\"item\":\"https:\/\/shan-hd.de\/\"},{\"@type\":\"ListItem\",\"position\":2,\"name\":\"\u00dcber uns\"}]},{\"@type\":\"WebSite\",\"@id\":\"https:\/\/shan-hd.de\/#website\",\"url\":\"https:\/\/shan-hd.de\/\",\"name\":\"SHAN e.V.\",\"description\":\"Sinologie Heidelberg Alumni-Netzwerk\",\"publisher\":{\"@id\":\"https:\/\/shan-hd.de\/#organization\"},\"potentialAction\":[{\"@type\":\"SearchAction\",\"target\":{\"@type\":\"EntryPoint\",\"urlTemplate\":\"https:\/\/shan-hd.de\/?s={search_term_string}\"},\"query-input\":{\"@type\":\"PropertyValueSpecification\",\"valueRequired\":true,\"valueName\":\"search_term_string\"}}],\"inLanguage\":\"de\"},{\"@type\":\"Organization\",\"@id\":\"https:\/\/shan-hd.de\/#organization\",\"name\":\"SHAN e.V.\",\"url\":\"https:\/\/shan-hd.de\/\",\"logo\":{\"@type\":\"ImageObject\",\"inLanguage\":\"de\",\"@id\":\"https:\/\/shan-hd.de\/#\/schema\/logo\/image\/\",\"url\":\"https:\/\/shan-hd.de\/wp-content\/uploads\/2024\/04\/SHANLogoGross.jpg\",\"contentUrl\":\"https:\/\/shan-hd.de\/wp-content\/uploads\/2024\/04\/SHANLogoGross.jpg\",\"width\":645,\"height\":371,\"caption\":\"SHAN e.V.\"},\"image\":{\"@id\":\"https:\/\/shan-hd.de\/#\/schema\/logo\/image\/\"}}]}<\/script>\n<!-- \/ Yoast SEO plugin. -->","yoast_head_json":{"title":"\u00dcber uns - SHAN e.V.","robots":{"index":"index","follow":"follow","max-snippet":"max-snippet:-1","max-image-preview":"max-image-preview:large","max-video-preview":"max-video-preview:-1"},"canonical":"https:\/\/shan-hd.de\/index.php\/ueber-uns\/","og_locale":"de_DE","og_type":"article","og_title":"\u00dcber uns - SHAN e.V.","og_description":"Wer wir sind Der gemeinn\u00fctzige Verein Sinologie Heidelberg Alumni Netzwerk (SHAN e.V.) wurde im Mai 2006 von Studierenden&nbsp; des Instituts f\u00fcr Sinologie der Universit\u00e4t Heidelberg gegr\u00fcndet. Er ist in erster [&hellip;]","og_url":"https:\/\/shan-hd.de\/index.php\/ueber-uns\/","og_site_name":"SHAN e.V.","article_modified_time":"2025-10-25T14:37:51+00:00","og_image":[{"width":266,"height":400,"url":"https:\/\/shan-hd.de\/wp-content\/uploads\/2024\/04\/shan_logo_bruecke.jpg","type":"image\/jpeg"}],"twitter_card":"summary_large_image","twitter_misc":{"Gesch\u00e4tzte Lesezeit":"3\u00a0Minuten"},"schema":{"@context":"https:\/\/schema.org","@graph":[{"@type":"WebPage","@id":"https:\/\/shan-hd.de\/index.php\/ueber-uns\/","url":"https:\/\/shan-hd.de\/index.php\/ueber-uns\/","name":"\u00dcber uns - SHAN e.V.","isPartOf":{"@id":"https:\/\/shan-hd.de\/#website"},"primaryImageOfPage":{"@id":"https:\/\/shan-hd.de\/index.php\/ueber-uns\/#primaryimage"},"image":{"@id":"https:\/\/shan-hd.de\/index.php\/ueber-uns\/#primaryimage"},"thumbnailUrl":"https:\/\/shan-hd.de\/wp-content\/uploads\/2024\/04\/shan_logo_bruecke.jpg","datePublished":"2024-04-09T12:54:26+00:00","dateModified":"2025-10-25T14:37:51+00:00","breadcrumb":{"@id":"https:\/\/shan-hd.de\/index.php\/ueber-uns\/#breadcrumb"},"inLanguage":"de","potentialAction":[{"@type":"ReadAction","target":["https:\/\/shan-hd.de\/index.php\/ueber-uns\/"]}]},{"@type":"ImageObject","inLanguage":"de","@id":"https:\/\/shan-hd.de\/index.php\/ueber-uns\/#primaryimage","url":"https:\/\/shan-hd.de\/wp-content\/uploads\/2024\/04\/shan_logo_bruecke.jpg","contentUrl":"https:\/\/shan-hd.de\/wp-content\/uploads\/2024\/04\/shan_logo_bruecke.jpg","width":266,"height":400},{"@type":"BreadcrumbList","@id":"https:\/\/shan-hd.de\/index.php\/ueber-uns\/#breadcrumb","itemListElement":[{"@type":"ListItem","position":1,"name":"Startseite","item":"https:\/\/shan-hd.de\/"},{"@type":"ListItem","position":2,"name":"\u00dcber uns"}]},{"@type":"WebSite","@id":"https:\/\/shan-hd.de\/#website","url":"https:\/\/shan-hd.de\/","name":"SHAN e.V.","description":"Sinologie Heidelberg Alumni-Netzwerk","publisher":{"@id":"https:\/\/shan-hd.de\/#organization"},"potentialAction":[{"@type":"SearchAction","target":{"@type":"EntryPoint","urlTemplate":"https:\/\/shan-hd.de\/?s={search_term_string}"},"query-input":{"@type":"PropertyValueSpecification","valueRequired":true,"valueName":"search_term_string"}}],"inLanguage":"de"},{"@type":"Organization","@id":"https:\/\/shan-hd.de\/#organization","name":"SHAN e.V.","url":"https:\/\/shan-hd.de\/","logo":{"@type":"ImageObject","inLanguage":"de","@id":"https:\/\/shan-hd.de\/#\/schema\/logo\/image\/","url":"https:\/\/shan-hd.de\/wp-content\/uploads\/2024\/04\/SHANLogoGross.jpg","contentUrl":"https:\/\/shan-hd.de\/wp-content\/uploads\/2024\/04\/SHANLogoGross.jpg","width":645,"height":371,"caption":"SHAN e.V."},"image":{"@id":"https:\/\/shan-hd.de\/#\/schema\/logo\/image\/"}}]}},"_links":{"self":[{"href":"https:\/\/shan-hd.de\/index.php\/wp-json\/wp\/v2\/pages\/15","targetHints":{"allow":["GET"]}}],"collection":[{"href":"https:\/\/shan-hd.de\/index.php\/wp-json\/wp\/v2\/pages"}],"about":[{"href":"https:\/\/shan-hd.de\/index.php\/wp-json\/wp\/v2\/types\/page"}],"author":[{"embeddable":true,"href":"https:\/\/shan-hd.de\/index.php\/wp-json\/wp\/v2\/users\/1"}],"replies":[{"embeddable":true,"href":"https:\/\/shan-hd.de\/index.php\/wp-json\/wp\/v2\/comments?post=15"}],"version-history":[{"count":15,"href":"https:\/\/shan-hd.de\/index.php\/wp-json\/wp\/v2\/pages\/15\/revisions"}],"predecessor-version":[{"id":187,"href":"https:\/\/shan-hd.de\/index.php\/wp-json\/wp\/v2\/pages\/15\/revisions\/187"}],"wp:attachment":[{"href":"https:\/\/shan-hd.de\/index.php\/wp-json\/wp\/v2\/media?parent=15"}],"curies":[{"name":"wp","href":"https:\/\/api.w.org\/{rel}","templated":true}]}}