{"id":66,"date":"2025-09-29T10:18:06","date_gmt":"2025-09-29T10:18:06","guid":{"rendered":"https:\/\/shan-hd.de\/?page_id=66"},"modified":"2025-09-29T10:18:06","modified_gmt":"2025-09-29T10:18:06","slug":"team-alumni","status":"publish","type":"page","link":"https:\/\/shan-hd.de\/index.php\/team-alumni\/","title":{"rendered":"Team Alumni"},"content":{"rendered":"\n<div class=\"wp-block-group alignfull has-background has-global-padding is-layout-constrained wp-container-core-group-is-layout-669513ed wp-block-group-is-layout-constrained\" style=\"background-color:#0000ff;margin-top:0;margin-bottom:0;padding-top:var(--wp--preset--spacing--50);padding-right:var(--wp--preset--spacing--50);padding-bottom:var(--wp--preset--spacing--50);padding-left:var(--wp--preset--spacing--50)\">\n<div class=\"wp-block-columns alignwide is-layout-flex wp-container-core-columns-is-layout-1da03c2a wp-block-columns-is-layout-flex\">\n<div class=\"wp-block-column is-vertically-aligned-stretch is-layout-flow wp-block-column-is-layout-flow\" style=\"flex-basis:50%\">\n<div class=\"wp-block-group is-vertical is-content-justification-stretch is-layout-flex wp-container-core-group-is-layout-444d5ee8 wp-block-group-is-layout-flex\" style=\"min-height:100%\">\n<h3 class=\"wp-block-heading has-base-color has-text-color has-link-color wp-elements-1995ee8bc046ca5ba46312467c91cd8e\" id=\"anker_Werwirsind\">Wer wir sind<\/h3>\n\n\n\n<p class=\"has-base-color has-text-color has-link-color wp-elements-aa315be1bdd911679fd1bdcb087507bb\">Janina Heker, Sabine Hieronymus und Kira H\u00fclshoff bilden das Team Alumniarbeit.<\/p>\n\n\n\n<h3 class=\"wp-block-heading has-base-color has-text-color has-link-color wp-elements-a95467cf8c9d9d31cf3cfa8ee0fedc56\">Was wir tun<\/h3>\n\n\n\n<p class=\"has-base-color has-text-color has-link-color wp-elements-9ef3e9473041c0d6d6ef0bd34155ed4c\">Das Alumni-Team organisiert alle zwei Jahre die Ehemaligenfeier in Heidelberg. In den Aufgabenbereich des Alumni-Teams au\u00dferdem f\u00e4llt die Organisation der Absolvent:innenfeier, bei der alle Studierenden, die ihre Abschlussarbeiten bereits eingereicht haben, feierlich verabschiedet werden. Die Absolvent:innenfeier findet j\u00e4hrlich im Sommer statt. Au\u00dferdem organisiert das Team Treffen von geringerem Umfang in Heidelberg.Eine Anmeldung ist notwendig.<\/p>\n\n\n\n<h2 class=\"wp-block-heading has-base-2-color has-text-color has-link-color wp-elements-a3d7b5e7daa215385f4e110f13354e19\">Was wir wollen<\/h2>\n\n\n\n<p class=\"has-base-color has-text-color has-link-color wp-elements-03f8e801e13b96ad7acb4b8aa311ea77\">Unser Ziel ist es Studierende, Alumnae und Alumni des Instituts f\u00fcr Sinologie zu vernetzen um einen langfristigen Austausch zu etablieren, von dem beide Seiten profitieren k\u00f6nnen. Alle zwei Jahre findet hierzu ein Ehemaligentreffen in Heidelberg statt, das n\u00e4chste wird im Sommer 2023 sein. Es ist zudem unser Anliegen, Ehemaligen immer wieder die M\u00f6glichkeit zu geben, sich bei kleineren und gr\u00f6\u00dferen Treffen zu sehen.<\/p>\n\n\n\n<div class=\"wp-block-group has-global-padding is-content-justification-left is-layout-constrained wp-container-core-group-is-layout-9fe8ed88 wp-block-group-is-layout-constrained\"><\/div>\n<\/div>\n<\/div>\n\n\n\n<div class=\"wp-block-column is-vertically-aligned-center is-layout-flow wp-block-column-is-layout-flow\" style=\"flex-basis:50%\">\n<figure class=\"wp-block-image size-full is-resized is-style-rounded is-style-rounded--1\"><img loading=\"lazy\" decoding=\"async\" width=\"1195\" height=\"797\" src=\"https:\/\/shan-hd.de\/wp-content\/uploads\/2024\/04\/ehemaligenfeier2019lr5.jpg\" alt=\"\" class=\"wp-image-19\" style=\"aspect-ratio:0.75;object-fit:cover;width:416px;height:auto\" srcset=\"https:\/\/shan-hd.de\/wp-content\/uploads\/2024\/04\/ehemaligenfeier2019lr5.jpg 1195w, https:\/\/shan-hd.de\/wp-content\/uploads\/2024\/04\/ehemaligenfeier2019lr5-300x200.jpg 300w, https:\/\/shan-hd.de\/wp-content\/uploads\/2024\/04\/ehemaligenfeier2019lr5-1024x683.jpg 1024w, https:\/\/shan-hd.de\/wp-content\/uploads\/2024\/04\/ehemaligenfeier2019lr5-768x512.jpg 768w\" sizes=\"auto, (max-width: 1195px) 100vw, 1195px\" \/><\/figure>\n<\/div>\n<\/div>\n<\/div>\n\n\n\n<p>Wer sich daf\u00fcr interessiert, mit Alumni des Institus in Kontakt zu treten und Events, wie das Ehemaligentreffen, zu organisieren, ist herzlich eingeladen.<\/p>\n\n\n\n<p>Sind Sie Alumna oder Alumnus, ehemalige Mitarbeiterin oder ehemaliger Mitarbeiter des Instituts und interessiert an unserem Netzwerk?<\/p>\n\n\n\n<p>Schreiben Sie uns eine Mail &#8211; das Team freut sich auf Ihre Nachricht!<\/p>\n\n\n\n<p><a href=\"mailto:shan.team@zo.uni-heidelberg.de\">shan.team[at] zo.uni-heidelberg.de<\/a><\/p>\n","protected":false},"excerpt":{"rendered":"<p>Wer wir sind Janina Heker, Sabine Hieronymus und Kira H\u00fclshoff bilden das Team Alumniarbeit. Was wir tun Das Alumni-Team organisiert alle zwei Jahre die Ehemaligenfeier in Heidelberg. In den Aufgabenbereich [&hellip;]<\/p>\n","protected":false},"author":1,"featured_media":0,"parent":0,"menu_order":0,"comment_status":"closed","ping_status":"closed","template":"","meta":{"_EventAllDay":false,"_EventTimezone":"","_EventStartDate":"","_EventEndDate":"","_EventStartDateUTC":"","_EventEndDateUTC":"","_EventShowMap":false,"_EventShowMapLink":false,"_EventURL":"","_EventCost":"","_EventCostDescription":"","_EventCurrencySymbol":"","_EventCurrencyCode":"","_EventCurrencyPosition":"","_EventDateTimeSeparator":"","_EventTimeRangeSeparator":"","_EventOrganizerID":[],"_EventVenueID":[],"_OrganizerEmail":"","_OrganizerPhone":"","_OrganizerWebsite":"","_VenueAddress":"","_VenueCity":"","_VenueCountry":"","_VenueProvince":"","_VenueState":"","_VenueZip":"","_VenuePhone":"","_VenueURL":"","_VenueStateProvince":"","_VenueLat":"","_VenueLng":"","_VenueShowMap":false,"_VenueShowMapLink":false,"footnotes":""},"class_list":["post-66","page","type-page","status-publish","hentry"],"yoast_head":"<!-- This site is optimized with the Yoast SEO plugin v26.2 - https:\/\/yoast.com\/wordpress\/plugins\/seo\/ -->\n<title>Team Alumni - SHAN e.V.<\/title>\n<meta name=\"robots\" content=\"index, follow, max-snippet:-1, max-image-preview:large, max-video-preview:-1\" \/>\n<link rel=\"canonical\" href=\"https:\/\/shan-hd.de\/index.php\/team-alumni\/\" \/>\n<meta property=\"og:locale\" content=\"de_DE\" \/>\n<meta property=\"og:type\" content=\"article\" \/>\n<meta property=\"og:title\" content=\"Team Alumni - SHAN e.V.\" \/>\n<meta property=\"og:description\" content=\"Wer wir sind Janina Heker, Sabine Hieronymus und Kira H\u00fclshoff bilden das Team Alumniarbeit. Was wir tun Das Alumni-Team organisiert alle zwei Jahre die Ehemaligenfeier in Heidelberg. In den Aufgabenbereich [&hellip;]\" \/>\n<meta property=\"og:url\" content=\"https:\/\/shan-hd.de\/index.php\/team-alumni\/\" \/>\n<meta property=\"og:site_name\" content=\"SHAN e.V.\" \/>\n<meta property=\"og:image\" content=\"https:\/\/shan-hd.de\/wp-content\/uploads\/2024\/04\/ehemaligenfeier2019lr5.jpg\" \/>\n\t<meta property=\"og:image:width\" content=\"1195\" \/>\n\t<meta property=\"og:image:height\" content=\"797\" \/>\n\t<meta property=\"og:image:type\" content=\"image\/jpeg\" \/>\n<meta name=\"twitter:card\" content=\"summary_large_image\" \/>\n<meta name=\"twitter:label1\" content=\"Gesch\u00e4tzte Lesezeit\" \/>\n\t<meta name=\"twitter:data1\" content=\"2\u00a0Minuten\" \/>\n<script type=\"application\/ld+json\" class=\"yoast-schema-graph\">{\"@context\":\"https:\/\/schema.org\",\"@graph\":[{\"@type\":\"WebPage\",\"@id\":\"https:\/\/shan-hd.de\/index.php\/team-alumni\/\",\"url\":\"https:\/\/shan-hd.de\/index.php\/team-alumni\/\",\"name\":\"Team Alumni - SHAN e.V.\",\"isPartOf\":{\"@id\":\"https:\/\/shan-hd.de\/#website\"},\"primaryImageOfPage\":{\"@id\":\"https:\/\/shan-hd.de\/index.php\/team-alumni\/#primaryimage\"},\"image\":{\"@id\":\"https:\/\/shan-hd.de\/index.php\/team-alumni\/#primaryimage\"},\"thumbnailUrl\":\"https:\/\/shan-hd.de\/wp-content\/uploads\/2024\/04\/ehemaligenfeier2019lr5.jpg\",\"datePublished\":\"2025-09-29T10:18:06+00:00\",\"breadcrumb\":{\"@id\":\"https:\/\/shan-hd.de\/index.php\/team-alumni\/#breadcrumb\"},\"inLanguage\":\"de\",\"potentialAction\":[{\"@type\":\"ReadAction\",\"target\":[\"https:\/\/shan-hd.de\/index.php\/team-alumni\/\"]}]},{\"@type\":\"ImageObject\",\"inLanguage\":\"de\",\"@id\":\"https:\/\/shan-hd.de\/index.php\/team-alumni\/#primaryimage\",\"url\":\"https:\/\/shan-hd.de\/wp-content\/uploads\/2024\/04\/ehemaligenfeier2019lr5.jpg\",\"contentUrl\":\"https:\/\/shan-hd.de\/wp-content\/uploads\/2024\/04\/ehemaligenfeier2019lr5.jpg\",\"width\":1195,\"height\":797},{\"@type\":\"BreadcrumbList\",\"@id\":\"https:\/\/shan-hd.de\/index.php\/team-alumni\/#breadcrumb\",\"itemListElement\":[{\"@type\":\"ListItem\",\"position\":1,\"name\":\"Startseite\",\"item\":\"https:\/\/shan-hd.de\/\"},{\"@type\":\"ListItem\",\"position\":2,\"name\":\"Team Alumni\"}]},{\"@type\":\"WebSite\",\"@id\":\"https:\/\/shan-hd.de\/#website\",\"url\":\"https:\/\/shan-hd.de\/\",\"name\":\"SHAN e.V.\",\"description\":\"Sinologie Heidelberg Alumni-Netzwerk\",\"publisher\":{\"@id\":\"https:\/\/shan-hd.de\/#organization\"},\"potentialAction\":[{\"@type\":\"SearchAction\",\"target\":{\"@type\":\"EntryPoint\",\"urlTemplate\":\"https:\/\/shan-hd.de\/?s={search_term_string}\"},\"query-input\":{\"@type\":\"PropertyValueSpecification\",\"valueRequired\":true,\"valueName\":\"search_term_string\"}}],\"inLanguage\":\"de\"},{\"@type\":\"Organization\",\"@id\":\"https:\/\/shan-hd.de\/#organization\",\"name\":\"SHAN e.V.\",\"url\":\"https:\/\/shan-hd.de\/\",\"logo\":{\"@type\":\"ImageObject\",\"inLanguage\":\"de\",\"@id\":\"https:\/\/shan-hd.de\/#\/schema\/logo\/image\/\",\"url\":\"https:\/\/shan-hd.de\/wp-content\/uploads\/2024\/04\/SHANLogoGross.jpg\",\"contentUrl\":\"https:\/\/shan-hd.de\/wp-content\/uploads\/2024\/04\/SHANLogoGross.jpg\",\"width\":645,\"height\":371,\"caption\":\"SHAN e.V.\"},\"image\":{\"@id\":\"https:\/\/shan-hd.de\/#\/schema\/logo\/image\/\"}}]}<\/script>\n<!-- \/ Yoast SEO plugin. -->","yoast_head_json":{"title":"Team Alumni - SHAN e.V.","robots":{"index":"index","follow":"follow","max-snippet":"max-snippet:-1","max-image-preview":"max-image-preview:large","max-video-preview":"max-video-preview:-1"},"canonical":"https:\/\/shan-hd.de\/index.php\/team-alumni\/","og_locale":"de_DE","og_type":"article","og_title":"Team Alumni - SHAN e.V.","og_description":"Wer wir sind Janina Heker, Sabine Hieronymus und Kira H\u00fclshoff bilden das Team Alumniarbeit. Was wir tun Das Alumni-Team organisiert alle zwei Jahre die Ehemaligenfeier in Heidelberg. In den Aufgabenbereich [&hellip;]","og_url":"https:\/\/shan-hd.de\/index.php\/team-alumni\/","og_site_name":"SHAN e.V.","og_image":[{"width":1195,"height":797,"url":"https:\/\/shan-hd.de\/wp-content\/uploads\/2024\/04\/ehemaligenfeier2019lr5.jpg","type":"image\/jpeg"}],"twitter_card":"summary_large_image","twitter_misc":{"Gesch\u00e4tzte Lesezeit":"2\u00a0Minuten"},"schema":{"@context":"https:\/\/schema.org","@graph":[{"@type":"WebPage","@id":"https:\/\/shan-hd.de\/index.php\/team-alumni\/","url":"https:\/\/shan-hd.de\/index.php\/team-alumni\/","name":"Team Alumni - SHAN e.V.","isPartOf":{"@id":"https:\/\/shan-hd.de\/#website"},"primaryImageOfPage":{"@id":"https:\/\/shan-hd.de\/index.php\/team-alumni\/#primaryimage"},"image":{"@id":"https:\/\/shan-hd.de\/index.php\/team-alumni\/#primaryimage"},"thumbnailUrl":"https:\/\/shan-hd.de\/wp-content\/uploads\/2024\/04\/ehemaligenfeier2019lr5.jpg","datePublished":"2025-09-29T10:18:06+00:00","breadcrumb":{"@id":"https:\/\/shan-hd.de\/index.php\/team-alumni\/#breadcrumb"},"inLanguage":"de","potentialAction":[{"@type":"ReadAction","target":["https:\/\/shan-hd.de\/index.php\/team-alumni\/"]}]},{"@type":"ImageObject","inLanguage":"de","@id":"https:\/\/shan-hd.de\/index.php\/team-alumni\/#primaryimage","url":"https:\/\/shan-hd.de\/wp-content\/uploads\/2024\/04\/ehemaligenfeier2019lr5.jpg","contentUrl":"https:\/\/shan-hd.de\/wp-content\/uploads\/2024\/04\/ehemaligenfeier2019lr5.jpg","width":1195,"height":797},{"@type":"BreadcrumbList","@id":"https:\/\/shan-hd.de\/index.php\/team-alumni\/#breadcrumb","itemListElement":[{"@type":"ListItem","position":1,"name":"Startseite","item":"https:\/\/shan-hd.de\/"},{"@type":"ListItem","position":2,"name":"Team Alumni"}]},{"@type":"WebSite","@id":"https:\/\/shan-hd.de\/#website","url":"https:\/\/shan-hd.de\/","name":"SHAN e.V.","description":"Sinologie Heidelberg Alumni-Netzwerk","publisher":{"@id":"https:\/\/shan-hd.de\/#organization"},"potentialAction":[{"@type":"SearchAction","target":{"@type":"EntryPoint","urlTemplate":"https:\/\/shan-hd.de\/?s={search_term_string}"},"query-input":{"@type":"PropertyValueSpecification","valueRequired":true,"valueName":"search_term_string"}}],"inLanguage":"de"},{"@type":"Organization","@id":"https:\/\/shan-hd.de\/#organization","name":"SHAN e.V.","url":"https:\/\/shan-hd.de\/","logo":{"@type":"ImageObject","inLanguage":"de","@id":"https:\/\/shan-hd.de\/#\/schema\/logo\/image\/","url":"https:\/\/shan-hd.de\/wp-content\/uploads\/2024\/04\/SHANLogoGross.jpg","contentUrl":"https:\/\/shan-hd.de\/wp-content\/uploads\/2024\/04\/SHANLogoGross.jpg","width":645,"height":371,"caption":"SHAN e.V."},"image":{"@id":"https:\/\/shan-hd.de\/#\/schema\/logo\/image\/"}}]}},"_links":{"self":[{"href":"https:\/\/shan-hd.de\/index.php\/wp-json\/wp\/v2\/pages\/66","targetHints":{"allow":["GET"]}}],"collection":[{"href":"https:\/\/shan-hd.de\/index.php\/wp-json\/wp\/v2\/pages"}],"about":[{"href":"https:\/\/shan-hd.de\/index.php\/wp-json\/wp\/v2\/types\/page"}],"author":[{"embeddable":true,"href":"https:\/\/shan-hd.de\/index.php\/wp-json\/wp\/v2\/users\/1"}],"replies":[{"embeddable":true,"href":"https:\/\/shan-hd.de\/index.php\/wp-json\/wp\/v2\/comments?post=66"}],"version-history":[{"count":2,"href":"https:\/\/shan-hd.de\/index.php\/wp-json\/wp\/v2\/pages\/66\/revisions"}],"predecessor-version":[{"id":68,"href":"https:\/\/shan-hd.de\/index.php\/wp-json\/wp\/v2\/pages\/66\/revisions\/68"}],"wp:attachment":[{"href":"https:\/\/shan-hd.de\/index.php\/wp-json\/wp\/v2\/media?parent=66"}],"curies":[{"name":"wp","href":"https:\/\/api.w.org\/{rel}","templated":true}]}}