{"id":69,"date":"2025-09-29T10:29:24","date_gmt":"2025-09-29T10:29:24","guid":{"rendered":"https:\/\/shan-hd.de\/?page_id=69"},"modified":"2025-10-24T14:52:23","modified_gmt":"2025-10-24T13:52:23","slug":"team-oeffentlichkeitsarbeit","status":"publish","type":"page","link":"https:\/\/shan-hd.de\/index.php\/team-oeffentlichkeitsarbeit\/","title":{"rendered":"Team \u00d6ffentlichkeitsarbeit"},"content":{"rendered":"\n<div class=\"wp-block-group alignfull has-base-color has-text-color has-background has-link-color wp-elements-21079b663b513951dac2cb94664eb02f has-global-padding is-content-justification-left is-layout-constrained wp-container-core-group-is-layout-dcdf3663 wp-block-group-is-layout-constrained\" style=\"background-color:#0000ff;margin-top:0;margin-bottom:0;padding-top:var(--wp--preset--spacing--50);padding-right:var(--wp--preset--spacing--50);padding-bottom:var(--wp--preset--spacing--50);padding-left:var(--wp--preset--spacing--50)\">\n<div class=\"wp-block-group alignwide has-global-padding is-layout-constrained wp-block-group-is-layout-constrained\">\n<div class=\"wp-block-columns alignwide is-layout-flex wp-container-core-columns-is-layout-1da03c2a wp-block-columns-is-layout-flex\">\n<div class=\"wp-block-column is-layout-flow wp-block-column-is-layout-flow\" style=\"flex-basis:50%\">\n<h2 class=\"wp-block-heading has-base-color has-text-color has-link-color wp-elements-efdfe7b990850b3416b2b15b05a4b418\">Wer sind wir<\/h2>\n\n\n\n<p>Joost Brokke leitet das Team \u00d6ffentlichkeitsarbeit.<\/p>\n\n\n\n<h3 class=\"wp-block-heading has-base-color has-text-color has-link-color wp-elements-a95467cf8c9d9d31cf3cfa8ee0fedc56\">Was wir tun<\/h3>\n\n\n\n<p>Das Team \u00d6ffentlichkeitsarbeit&nbsp;ist zust\u00e4ndig f\u00fcr die \u00d6ffentlichkeitsarbeit des Vereins, sowie die interne und externe Kommunikation.&nbsp;Dazu geben wir&nbsp;den monatlichen SHAN-Newsletter heraus. Au\u00dferdem unterst\u00fctzen wir die Teams des Vereins und den Vorstand bei Veranstaltungen. Die Homepage und der Veranstaltungskalender werden vom PR-Team erstellt und gepflegt. Die Mitarbeit in unserem Team bietet Studierende einen Einblick in das spannende und weite Berufsfeld der \u00d6ffentlichkeitsarbeit.<\/p>\n\n\n\n<h3 class=\"wp-block-heading has-base-2-color has-text-color has-link-color wp-elements-4216f30b9509564808885d79b140c737\">Was wir wollen<\/h3>\n\n\n\n<p>Das PR-Team ist die erste Anlaufstelle f\u00fcr Studierende und die interessierte \u00d6ffentlichkeit. Wir informieren Alumni, Studenten und Interessierte \u00fcber die Arbeit im Verein und die Aktivit\u00e4ten der Heidelberger Sinologie. Wir stellen Kontakte zu anderen Netzwerken her und k\u00fcmmern uns um den \u00f6ffentlichen Auftritt von SHAN e. V. Unternehmen und Organisationen bieten wir die M\u00f6glichkeit sich in unserem Newsletter zu pr\u00e4sentieren.<\/p>\n\n\n\n<h3 class=\"wp-block-heading has-base-2-color has-text-color has-link-color wp-elements-42d61617cfda2cdb4891e51c324400a3\">Der SHAN-Newsletter<\/h3>\n\n\n\n<p>Der SHAN-Newsletter existiert bereits seit dem Jahr 2006, seine redaktionelle und technische Erstellung geh\u00f6ren zu den Hauptaufgaben des PR-Teams. In unserem Newsletter berichten wir \u00fcber aktuelle Themen der Heidelberger Sinologie, aktuelle und historische Themen mit China-Bezug und \u00fcber die Aktivit\u00e4ten des Vereins. In Interviews und Artikeln stellen wir Alumni, Studenten und Professoren vor, Erfahrungsberichte geben Auskunft \u00fcber Praktika und Auslandsaufenthalte.<\/p>\n\n\n\n<p>F\u00fcr unseren Newsletter suchen wir immer nach neuen Ideen und Artikeln. Ihr habt einen interessanten Artikel oder Interviewpartner?&nbsp;Dann schreibt uns an:&nbsp;<\/p>\n\n\n\n<p><a href=\"mailto:shan.pr@zo.uni-heidelberg.de\">shan.pr [at] zo.uni-heidelberg.de<\/a><\/p>\n\n\n\n<p>Alle bereits vorhandenen Newsletter sind im Newsletterarchiv zu finden, eine interessante Artikelsammlung, nicht nur f\u00fcr Sinologen.<\/p>\n\n\n\n<p><\/p>\n\n\n\n<div class=\"wp-block-buttons is-layout-flex wp-block-buttons-is-layout-flex\">\n<div class=\"wp-block-button\"><a class=\"wp-block-button__link wp-element-button\" href=\"shan.pr@zo.uni-heidelberg.de\">Email Kontakt<\/a><\/div>\n<\/div>\n<\/div>\n\n\n\n<div class=\"wp-block-column is-layout-flow wp-block-column-is-layout-flow\" style=\"flex-basis:50%\"><\/div>\n<\/div>\n<\/div>\n<\/div>\n","protected":false},"excerpt":{"rendered":"<p>Wer sind wir Joost Brokke leitet das Team \u00d6ffentlichkeitsarbeit. Was wir tun Das Team \u00d6ffentlichkeitsarbeit&nbsp;ist zust\u00e4ndig f\u00fcr die \u00d6ffentlichkeitsarbeit des Vereins, sowie die interne und externe Kommunikation.&nbsp;Dazu geben wir&nbsp;den monatlichen [&hellip;]<\/p>\n","protected":false},"author":1,"featured_media":0,"parent":0,"menu_order":0,"comment_status":"closed","ping_status":"closed","template":"","meta":{"_EventAllDay":false,"_EventTimezone":"","_EventStartDate":"","_EventEndDate":"","_EventStartDateUTC":"","_EventEndDateUTC":"","_EventShowMap":false,"_EventShowMapLink":false,"_EventURL":"","_EventCost":"","_EventCostDescription":"","_EventCurrencySymbol":"","_EventCurrencyCode":"","_EventCurrencyPosition":"","_EventDateTimeSeparator":"","_EventTimeRangeSeparator":"","_EventOrganizerID":[],"_EventVenueID":[],"_OrganizerEmail":"","_OrganizerPhone":"","_OrganizerWebsite":"","_VenueAddress":"","_VenueCity":"","_VenueCountry":"","_VenueProvince":"","_VenueState":"","_VenueZip":"","_VenuePhone":"","_VenueURL":"","_VenueStateProvince":"","_VenueLat":"","_VenueLng":"","_VenueShowMap":false,"_VenueShowMapLink":false,"footnotes":""},"class_list":["post-69","page","type-page","status-publish","hentry"],"yoast_head":"<!-- This site is optimized with the Yoast SEO plugin v26.2 - https:\/\/yoast.com\/wordpress\/plugins\/seo\/ -->\n<title>Team \u00d6ffentlichkeitsarbeit - SHAN e.V.<\/title>\n<meta name=\"robots\" content=\"index, follow, max-snippet:-1, max-image-preview:large, max-video-preview:-1\" \/>\n<link rel=\"canonical\" href=\"https:\/\/shan-hd.de\/index.php\/team-oeffentlichkeitsarbeit\/\" \/>\n<meta property=\"og:locale\" content=\"de_DE\" \/>\n<meta property=\"og:type\" content=\"article\" \/>\n<meta property=\"og:title\" content=\"Team \u00d6ffentlichkeitsarbeit - SHAN e.V.\" \/>\n<meta property=\"og:description\" content=\"Wer sind wir Joost Brokke leitet das Team \u00d6ffentlichkeitsarbeit. Was wir tun Das Team \u00d6ffentlichkeitsarbeit&nbsp;ist zust\u00e4ndig f\u00fcr die \u00d6ffentlichkeitsarbeit des Vereins, sowie die interne und externe Kommunikation.&nbsp;Dazu geben wir&nbsp;den monatlichen [&hellip;]\" \/>\n<meta property=\"og:url\" content=\"https:\/\/shan-hd.de\/index.php\/team-oeffentlichkeitsarbeit\/\" \/>\n<meta property=\"og:site_name\" content=\"SHAN e.V.\" \/>\n<meta property=\"article:modified_time\" content=\"2025-10-24T13:52:23+00:00\" \/>\n<meta name=\"twitter:card\" content=\"summary_large_image\" \/>\n<meta name=\"twitter:label1\" content=\"Gesch\u00e4tzte Lesezeit\" \/>\n\t<meta name=\"twitter:data1\" content=\"2\u00a0Minuten\" \/>\n<script type=\"application\/ld+json\" class=\"yoast-schema-graph\">{\"@context\":\"https:\/\/schema.org\",\"@graph\":[{\"@type\":\"WebPage\",\"@id\":\"https:\/\/shan-hd.de\/index.php\/team-oeffentlichkeitsarbeit\/\",\"url\":\"https:\/\/shan-hd.de\/index.php\/team-oeffentlichkeitsarbeit\/\",\"name\":\"Team \u00d6ffentlichkeitsarbeit - SHAN e.V.\",\"isPartOf\":{\"@id\":\"https:\/\/shan-hd.de\/#website\"},\"datePublished\":\"2025-09-29T10:29:24+00:00\",\"dateModified\":\"2025-10-24T13:52:23+00:00\",\"breadcrumb\":{\"@id\":\"https:\/\/shan-hd.de\/index.php\/team-oeffentlichkeitsarbeit\/#breadcrumb\"},\"inLanguage\":\"de\",\"potentialAction\":[{\"@type\":\"ReadAction\",\"target\":[\"https:\/\/shan-hd.de\/index.php\/team-oeffentlichkeitsarbeit\/\"]}]},{\"@type\":\"BreadcrumbList\",\"@id\":\"https:\/\/shan-hd.de\/index.php\/team-oeffentlichkeitsarbeit\/#breadcrumb\",\"itemListElement\":[{\"@type\":\"ListItem\",\"position\":1,\"name\":\"Startseite\",\"item\":\"https:\/\/shan-hd.de\/\"},{\"@type\":\"ListItem\",\"position\":2,\"name\":\"Team \u00d6ffentlichkeitsarbeit\"}]},{\"@type\":\"WebSite\",\"@id\":\"https:\/\/shan-hd.de\/#website\",\"url\":\"https:\/\/shan-hd.de\/\",\"name\":\"SHAN e.V.\",\"description\":\"Sinologie Heidelberg Alumni-Netzwerk\",\"publisher\":{\"@id\":\"https:\/\/shan-hd.de\/#organization\"},\"potentialAction\":[{\"@type\":\"SearchAction\",\"target\":{\"@type\":\"EntryPoint\",\"urlTemplate\":\"https:\/\/shan-hd.de\/?s={search_term_string}\"},\"query-input\":{\"@type\":\"PropertyValueSpecification\",\"valueRequired\":true,\"valueName\":\"search_term_string\"}}],\"inLanguage\":\"de\"},{\"@type\":\"Organization\",\"@id\":\"https:\/\/shan-hd.de\/#organization\",\"name\":\"SHAN e.V.\",\"url\":\"https:\/\/shan-hd.de\/\",\"logo\":{\"@type\":\"ImageObject\",\"inLanguage\":\"de\",\"@id\":\"https:\/\/shan-hd.de\/#\/schema\/logo\/image\/\",\"url\":\"https:\/\/shan-hd.de\/wp-content\/uploads\/2024\/04\/SHANLogoGross.jpg\",\"contentUrl\":\"https:\/\/shan-hd.de\/wp-content\/uploads\/2024\/04\/SHANLogoGross.jpg\",\"width\":645,\"height\":371,\"caption\":\"SHAN e.V.\"},\"image\":{\"@id\":\"https:\/\/shan-hd.de\/#\/schema\/logo\/image\/\"}}]}<\/script>\n<!-- \/ Yoast SEO plugin. -->","yoast_head_json":{"title":"Team \u00d6ffentlichkeitsarbeit - SHAN e.V.","robots":{"index":"index","follow":"follow","max-snippet":"max-snippet:-1","max-image-preview":"max-image-preview:large","max-video-preview":"max-video-preview:-1"},"canonical":"https:\/\/shan-hd.de\/index.php\/team-oeffentlichkeitsarbeit\/","og_locale":"de_DE","og_type":"article","og_title":"Team \u00d6ffentlichkeitsarbeit - SHAN e.V.","og_description":"Wer sind wir Joost Brokke leitet das Team \u00d6ffentlichkeitsarbeit. Was wir tun Das Team \u00d6ffentlichkeitsarbeit&nbsp;ist zust\u00e4ndig f\u00fcr die \u00d6ffentlichkeitsarbeit des Vereins, sowie die interne und externe Kommunikation.&nbsp;Dazu geben wir&nbsp;den monatlichen [&hellip;]","og_url":"https:\/\/shan-hd.de\/index.php\/team-oeffentlichkeitsarbeit\/","og_site_name":"SHAN e.V.","article_modified_time":"2025-10-24T13:52:23+00:00","twitter_card":"summary_large_image","twitter_misc":{"Gesch\u00e4tzte Lesezeit":"2\u00a0Minuten"},"schema":{"@context":"https:\/\/schema.org","@graph":[{"@type":"WebPage","@id":"https:\/\/shan-hd.de\/index.php\/team-oeffentlichkeitsarbeit\/","url":"https:\/\/shan-hd.de\/index.php\/team-oeffentlichkeitsarbeit\/","name":"Team \u00d6ffentlichkeitsarbeit - SHAN e.V.","isPartOf":{"@id":"https:\/\/shan-hd.de\/#website"},"datePublished":"2025-09-29T10:29:24+00:00","dateModified":"2025-10-24T13:52:23+00:00","breadcrumb":{"@id":"https:\/\/shan-hd.de\/index.php\/team-oeffentlichkeitsarbeit\/#breadcrumb"},"inLanguage":"de","potentialAction":[{"@type":"ReadAction","target":["https:\/\/shan-hd.de\/index.php\/team-oeffentlichkeitsarbeit\/"]}]},{"@type":"BreadcrumbList","@id":"https:\/\/shan-hd.de\/index.php\/team-oeffentlichkeitsarbeit\/#breadcrumb","itemListElement":[{"@type":"ListItem","position":1,"name":"Startseite","item":"https:\/\/shan-hd.de\/"},{"@type":"ListItem","position":2,"name":"Team \u00d6ffentlichkeitsarbeit"}]},{"@type":"WebSite","@id":"https:\/\/shan-hd.de\/#website","url":"https:\/\/shan-hd.de\/","name":"SHAN e.V.","description":"Sinologie Heidelberg Alumni-Netzwerk","publisher":{"@id":"https:\/\/shan-hd.de\/#organization"},"potentialAction":[{"@type":"SearchAction","target":{"@type":"EntryPoint","urlTemplate":"https:\/\/shan-hd.de\/?s={search_term_string}"},"query-input":{"@type":"PropertyValueSpecification","valueRequired":true,"valueName":"search_term_string"}}],"inLanguage":"de"},{"@type":"Organization","@id":"https:\/\/shan-hd.de\/#organization","name":"SHAN e.V.","url":"https:\/\/shan-hd.de\/","logo":{"@type":"ImageObject","inLanguage":"de","@id":"https:\/\/shan-hd.de\/#\/schema\/logo\/image\/","url":"https:\/\/shan-hd.de\/wp-content\/uploads\/2024\/04\/SHANLogoGross.jpg","contentUrl":"https:\/\/shan-hd.de\/wp-content\/uploads\/2024\/04\/SHANLogoGross.jpg","width":645,"height":371,"caption":"SHAN e.V."},"image":{"@id":"https:\/\/shan-hd.de\/#\/schema\/logo\/image\/"}}]}},"_links":{"self":[{"href":"https:\/\/shan-hd.de\/index.php\/wp-json\/wp\/v2\/pages\/69","targetHints":{"allow":["GET"]}}],"collection":[{"href":"https:\/\/shan-hd.de\/index.php\/wp-json\/wp\/v2\/pages"}],"about":[{"href":"https:\/\/shan-hd.de\/index.php\/wp-json\/wp\/v2\/types\/page"}],"author":[{"embeddable":true,"href":"https:\/\/shan-hd.de\/index.php\/wp-json\/wp\/v2\/users\/1"}],"replies":[{"embeddable":true,"href":"https:\/\/shan-hd.de\/index.php\/wp-json\/wp\/v2\/comments?post=69"}],"version-history":[{"count":2,"href":"https:\/\/shan-hd.de\/index.php\/wp-json\/wp\/v2\/pages\/69\/revisions"}],"predecessor-version":[{"id":157,"href":"https:\/\/shan-hd.de\/index.php\/wp-json\/wp\/v2\/pages\/69\/revisions\/157"}],"wp:attachment":[{"href":"https:\/\/shan-hd.de\/index.php\/wp-json\/wp\/v2\/media?parent=69"}],"curies":[{"name":"wp","href":"https:\/\/api.w.org\/{rel}","templated":true}]}}