{"id":72,"date":"2025-09-30T08:25:49","date_gmt":"2025-09-30T08:25:49","guid":{"rendered":"https:\/\/shan-hd.de\/?page_id=72"},"modified":"2025-09-30T15:12:53","modified_gmt":"2025-09-30T15:12:53","slug":"team-unternehmenskontakte","status":"publish","type":"page","link":"https:\/\/shan-hd.de\/index.php\/team-unternehmenskontakte\/","title":{"rendered":"Team Unternehmenskontakte"},"content":{"rendered":"\n<p><\/p>\n\n\n\n<div class=\"wp-block-group alignfull has-base-color has-text-color has-background has-link-color wp-elements-31d608e8d9e35e4417c8c30d00c441b1 has-global-padding is-layout-constrained wp-container-core-group-is-layout-d89aad35 wp-block-group-is-layout-constrained\" style=\"background-color:#0000ff;margin-top:0;margin-bottom:0;padding-top:var(--wp--preset--spacing--50);padding-right:var(--wp--preset--spacing--50);padding-bottom:var(--wp--preset--spacing--50);padding-left:var(--wp--preset--spacing--50)\">\n<div class=\"wp-block-columns alignwide is-layout-flex wp-container-core-columns-is-layout-1da03c2a wp-block-columns-is-layout-flex\">\n<div class=\"wp-block-column is-vertically-aligned-center is-layout-flow wp-block-column-is-layout-flow\" style=\"flex-basis:60%\">\n<figure class=\"wp-block-image size-full is-style-rounded wp-duotone-unset-2 is-style-rounded--1\"><img loading=\"lazy\" decoding=\"async\" width=\"2561\" height=\"1708\" src=\"https:\/\/shan-hd.de\/wp-content\/uploads\/2024\/04\/SHAN-23.05.30-10-edited.jpg\" alt=\"\" class=\"wp-image-23\" srcset=\"https:\/\/shan-hd.de\/wp-content\/uploads\/2024\/04\/SHAN-23.05.30-10-edited.jpg 2561w, https:\/\/shan-hd.de\/wp-content\/uploads\/2024\/04\/SHAN-23.05.30-10-edited-300x200.jpg 300w, https:\/\/shan-hd.de\/wp-content\/uploads\/2024\/04\/SHAN-23.05.30-10-edited-1024x683.jpg 1024w, https:\/\/shan-hd.de\/wp-content\/uploads\/2024\/04\/SHAN-23.05.30-10-edited-768x512.jpg 768w, https:\/\/shan-hd.de\/wp-content\/uploads\/2024\/04\/SHAN-23.05.30-10-edited-1536x1024.jpg 1536w, https:\/\/shan-hd.de\/wp-content\/uploads\/2024\/04\/SHAN-23.05.30-10-edited-2048x1366.jpg 2048w\" sizes=\"auto, (max-width: 2561px) 100vw, 2561px\" \/><\/figure>\n<\/div>\n\n\n\n<div class=\"wp-block-column is-layout-flow wp-block-column-is-layout-flow\" style=\"flex-basis:40%\">\n<h2 class=\"wp-block-heading has-base-color has-text-color has-link-color wp-elements-d6ea3f16ac47de9d03abf3485da34cd6\">Wer wir sind<\/h2>\n\n\n\n<p>Mariana M\u00fcnning leitet das Team Unternehmenskontakte.<\/p>\n\n\n\n<h3 class=\"wp-block-heading has-base-2-color has-text-color has-link-color wp-elements-b5efe4c59f464d4acc30e3bd3e7fe978\" id=\"anker_Waswirwollen\">Was wir wollen<\/h3>\n\n\n\n<p>Unser Ziel ist es eine Vernetzung zwischen dem Institut und in China t\u00e4tigen Unternehmen, vorrangig aus der Metropolregion Rhein-Neckar, herzustellen und diese als direkte Partner f\u00fcr den Verein zu akquirieren.<br><br>Auf diesem Wege wollen wir einerseits den Bekanntheitsgrad der Heidelberger Sinologie in der Region steigern und andererseits Informationen \u00fcber Firmenaktivit\u00e4ten in China f\u00fcr unsere Mitglieder gewinnen.<\/p>\n\n\n\n<h3 class=\"wp-block-heading has-base-2-color has-text-color has-link-color wp-elements-bee5d5f6e64fe3cd2c3cd93566ee9ae4\" id=\"anker_Waswirtun\">Was wir tun<\/h3>\n\n\n\n<p>Wir laden Experten aus der Wirtschaft ein \u00fcber ihre China-Erfahrungen zu referieren. F\u00fcr die Studierenden des Instituts bietet sich damit die Gelegenheit, eine Br\u00fccke zwischen Theorie und Praxis zu schlagen.<\/p>\n\n\n\n<p>Wir organisieren Vortr\u00e4ge und Workshops rund um das Thema Praktikumssuche und stehen den Studierenden bei der Suche beratend zur Seite.<\/p>\n\n\n\n<ul class=\"wp-block-list\">\n<li><a href=\"http:\/\/www.zo.uni-heidelberg.de\/sinologie\/shan\/veranstaltungen\/vergangene_veranstaltungen.html\">Vergangene Veranstaltungen<\/a><\/li>\n<\/ul>\n\n\n\n<h3 class=\"wp-block-heading has-base-color has-text-color has-link-color wp-elements-3b75934cace52469f2bb41b1eabb750a\" id=\"anker_Kontakt\">Wie erreicht ihr uns<\/h3>\n\n\n\n<p>M\u00f6chten Sie Ihre Firma vor motivierten Studierenden pr\u00e4sentieren? Suchen Sie sinologisch vorgebildete Praktikanten?&nbsp;&nbsp;&nbsp;&nbsp;&nbsp;&nbsp;&nbsp;&nbsp;&nbsp;&nbsp;&nbsp;&nbsp;&nbsp;&nbsp;&nbsp;&nbsp;&nbsp;&nbsp;&nbsp;&nbsp;&nbsp;&nbsp;&nbsp;&nbsp;&nbsp;&nbsp;&nbsp;&nbsp;&nbsp;&nbsp;&nbsp;&nbsp;&nbsp;&nbsp;&nbsp;&nbsp;&nbsp;&nbsp;&nbsp;&nbsp;&nbsp;&nbsp;&nbsp;&nbsp; &nbsp; &nbsp; &nbsp; &nbsp; &nbsp; &nbsp; &nbsp; &nbsp; &nbsp; &nbsp; &nbsp;<\/p>\n\n\n\n<p>Schreiben Sie uns eine E-Mail &#8211; das Team freut sich auf Ihre Nachricht!<\/p>\n\n\n\n<p><img loading=\"lazy\" decoding=\"async\" alt=\"E-Mail\" height=\"11\" src=\"https:\/\/www.zo.uni-heidelberg.de\/imperia\/md\/images\/layoutgrafiken\/e-mail.gif\" width=\"19\">&nbsp;<a href=\"mailto:shan.sinoberuf@zo.uni-heidelberg.de\">shan.sinoberuf [at] zo.uni-heidelberg.de<\/a><\/p>\n<\/div>\n<\/div>\n<\/div>\n","protected":false},"excerpt":{"rendered":"<p>Wer wir sind Mariana M\u00fcnning leitet das Team Unternehmenskontakte. Was wir wollen Unser Ziel ist es eine Vernetzung zwischen dem Institut und in China t\u00e4tigen Unternehmen, vorrangig aus der Metropolregion [&hellip;]<\/p>\n","protected":false},"author":1,"featured_media":0,"parent":0,"menu_order":0,"comment_status":"closed","ping_status":"closed","template":"","meta":{"_EventAllDay":false,"_EventTimezone":"","_EventStartDate":"","_EventEndDate":"","_EventStartDateUTC":"","_EventEndDateUTC":"","_EventShowMap":false,"_EventShowMapLink":false,"_EventURL":"","_EventCost":"","_EventCostDescription":"","_EventCurrencySymbol":"","_EventCurrencyCode":"","_EventCurrencyPosition":"","_EventDateTimeSeparator":"","_EventTimeRangeSeparator":"","_EventOrganizerID":[],"_EventVenueID":[],"_OrganizerEmail":"","_OrganizerPhone":"","_OrganizerWebsite":"","_VenueAddress":"","_VenueCity":"","_VenueCountry":"","_VenueProvince":"","_VenueState":"","_VenueZip":"","_VenuePhone":"","_VenueURL":"","_VenueStateProvince":"","_VenueLat":"","_VenueLng":"","_VenueShowMap":false,"_VenueShowMapLink":false,"footnotes":""},"class_list":["post-72","page","type-page","status-publish","hentry"],"yoast_head":"<!-- This site is optimized with the Yoast SEO plugin v26.2 - https:\/\/yoast.com\/wordpress\/plugins\/seo\/ -->\n<title>Team Unternehmenskontakte - SHAN e.V.<\/title>\n<meta name=\"robots\" content=\"index, follow, max-snippet:-1, max-image-preview:large, max-video-preview:-1\" \/>\n<link rel=\"canonical\" href=\"https:\/\/shan-hd.de\/index.php\/team-unternehmenskontakte\/\" \/>\n<meta property=\"og:locale\" content=\"de_DE\" \/>\n<meta property=\"og:type\" content=\"article\" \/>\n<meta property=\"og:title\" content=\"Team Unternehmenskontakte - SHAN e.V.\" \/>\n<meta property=\"og:description\" content=\"Wer wir sind Mariana M\u00fcnning leitet das Team Unternehmenskontakte. Was wir wollen Unser Ziel ist es eine Vernetzung zwischen dem Institut und in China t\u00e4tigen Unternehmen, vorrangig aus der Metropolregion [&hellip;]\" \/>\n<meta property=\"og:url\" content=\"https:\/\/shan-hd.de\/index.php\/team-unternehmenskontakte\/\" \/>\n<meta property=\"og:site_name\" content=\"SHAN e.V.\" \/>\n<meta property=\"article:modified_time\" content=\"2025-09-30T15:12:53+00:00\" \/>\n<meta property=\"og:image\" content=\"https:\/\/shan-hd.de\/wp-content\/uploads\/2024\/04\/SHAN-23.05.30-10-edited.jpg\" \/>\n\t<meta property=\"og:image:width\" content=\"2561\" \/>\n\t<meta property=\"og:image:height\" content=\"1708\" \/>\n\t<meta property=\"og:image:type\" content=\"image\/jpeg\" \/>\n<meta name=\"twitter:card\" content=\"summary_large_image\" \/>\n<meta name=\"twitter:label1\" content=\"Gesch\u00e4tzte Lesezeit\" \/>\n\t<meta name=\"twitter:data1\" content=\"2\u00a0Minuten\" \/>\n<script type=\"application\/ld+json\" class=\"yoast-schema-graph\">{\"@context\":\"https:\/\/schema.org\",\"@graph\":[{\"@type\":\"WebPage\",\"@id\":\"https:\/\/shan-hd.de\/index.php\/team-unternehmenskontakte\/\",\"url\":\"https:\/\/shan-hd.de\/index.php\/team-unternehmenskontakte\/\",\"name\":\"Team Unternehmenskontakte - SHAN e.V.\",\"isPartOf\":{\"@id\":\"https:\/\/shan-hd.de\/#website\"},\"primaryImageOfPage\":{\"@id\":\"https:\/\/shan-hd.de\/index.php\/team-unternehmenskontakte\/#primaryimage\"},\"image\":{\"@id\":\"https:\/\/shan-hd.de\/index.php\/team-unternehmenskontakte\/#primaryimage\"},\"thumbnailUrl\":\"https:\/\/shan-hd.de\/wp-content\/uploads\/2024\/04\/SHAN-23.05.30-10-edited.jpg\",\"datePublished\":\"2025-09-30T08:25:49+00:00\",\"dateModified\":\"2025-09-30T15:12:53+00:00\",\"breadcrumb\":{\"@id\":\"https:\/\/shan-hd.de\/index.php\/team-unternehmenskontakte\/#breadcrumb\"},\"inLanguage\":\"de\",\"potentialAction\":[{\"@type\":\"ReadAction\",\"target\":[\"https:\/\/shan-hd.de\/index.php\/team-unternehmenskontakte\/\"]}]},{\"@type\":\"ImageObject\",\"inLanguage\":\"de\",\"@id\":\"https:\/\/shan-hd.de\/index.php\/team-unternehmenskontakte\/#primaryimage\",\"url\":\"https:\/\/shan-hd.de\/wp-content\/uploads\/2024\/04\/SHAN-23.05.30-10-edited.jpg\",\"contentUrl\":\"https:\/\/shan-hd.de\/wp-content\/uploads\/2024\/04\/SHAN-23.05.30-10-edited.jpg\",\"width\":2561,\"height\":1708},{\"@type\":\"BreadcrumbList\",\"@id\":\"https:\/\/shan-hd.de\/index.php\/team-unternehmenskontakte\/#breadcrumb\",\"itemListElement\":[{\"@type\":\"ListItem\",\"position\":1,\"name\":\"Startseite\",\"item\":\"https:\/\/shan-hd.de\/\"},{\"@type\":\"ListItem\",\"position\":2,\"name\":\"Team Unternehmenskontakte\"}]},{\"@type\":\"WebSite\",\"@id\":\"https:\/\/shan-hd.de\/#website\",\"url\":\"https:\/\/shan-hd.de\/\",\"name\":\"SHAN e.V.\",\"description\":\"Sinologie Heidelberg Alumni-Netzwerk\",\"publisher\":{\"@id\":\"https:\/\/shan-hd.de\/#organization\"},\"potentialAction\":[{\"@type\":\"SearchAction\",\"target\":{\"@type\":\"EntryPoint\",\"urlTemplate\":\"https:\/\/shan-hd.de\/?s={search_term_string}\"},\"query-input\":{\"@type\":\"PropertyValueSpecification\",\"valueRequired\":true,\"valueName\":\"search_term_string\"}}],\"inLanguage\":\"de\"},{\"@type\":\"Organization\",\"@id\":\"https:\/\/shan-hd.de\/#organization\",\"name\":\"SHAN e.V.\",\"url\":\"https:\/\/shan-hd.de\/\",\"logo\":{\"@type\":\"ImageObject\",\"inLanguage\":\"de\",\"@id\":\"https:\/\/shan-hd.de\/#\/schema\/logo\/image\/\",\"url\":\"https:\/\/shan-hd.de\/wp-content\/uploads\/2024\/04\/SHANLogoGross.jpg\",\"contentUrl\":\"https:\/\/shan-hd.de\/wp-content\/uploads\/2024\/04\/SHANLogoGross.jpg\",\"width\":645,\"height\":371,\"caption\":\"SHAN e.V.\"},\"image\":{\"@id\":\"https:\/\/shan-hd.de\/#\/schema\/logo\/image\/\"}}]}<\/script>\n<!-- \/ Yoast SEO plugin. -->","yoast_head_json":{"title":"Team Unternehmenskontakte - SHAN e.V.","robots":{"index":"index","follow":"follow","max-snippet":"max-snippet:-1","max-image-preview":"max-image-preview:large","max-video-preview":"max-video-preview:-1"},"canonical":"https:\/\/shan-hd.de\/index.php\/team-unternehmenskontakte\/","og_locale":"de_DE","og_type":"article","og_title":"Team Unternehmenskontakte - SHAN e.V.","og_description":"Wer wir sind Mariana M\u00fcnning leitet das Team Unternehmenskontakte. Was wir wollen Unser Ziel ist es eine Vernetzung zwischen dem Institut und in China t\u00e4tigen Unternehmen, vorrangig aus der Metropolregion [&hellip;]","og_url":"https:\/\/shan-hd.de\/index.php\/team-unternehmenskontakte\/","og_site_name":"SHAN e.V.","article_modified_time":"2025-09-30T15:12:53+00:00","og_image":[{"width":2561,"height":1708,"url":"https:\/\/shan-hd.de\/wp-content\/uploads\/2024\/04\/SHAN-23.05.30-10-edited.jpg","type":"image\/jpeg"}],"twitter_card":"summary_large_image","twitter_misc":{"Gesch\u00e4tzte Lesezeit":"2\u00a0Minuten"},"schema":{"@context":"https:\/\/schema.org","@graph":[{"@type":"WebPage","@id":"https:\/\/shan-hd.de\/index.php\/team-unternehmenskontakte\/","url":"https:\/\/shan-hd.de\/index.php\/team-unternehmenskontakte\/","name":"Team Unternehmenskontakte - SHAN e.V.","isPartOf":{"@id":"https:\/\/shan-hd.de\/#website"},"primaryImageOfPage":{"@id":"https:\/\/shan-hd.de\/index.php\/team-unternehmenskontakte\/#primaryimage"},"image":{"@id":"https:\/\/shan-hd.de\/index.php\/team-unternehmenskontakte\/#primaryimage"},"thumbnailUrl":"https:\/\/shan-hd.de\/wp-content\/uploads\/2024\/04\/SHAN-23.05.30-10-edited.jpg","datePublished":"2025-09-30T08:25:49+00:00","dateModified":"2025-09-30T15:12:53+00:00","breadcrumb":{"@id":"https:\/\/shan-hd.de\/index.php\/team-unternehmenskontakte\/#breadcrumb"},"inLanguage":"de","potentialAction":[{"@type":"ReadAction","target":["https:\/\/shan-hd.de\/index.php\/team-unternehmenskontakte\/"]}]},{"@type":"ImageObject","inLanguage":"de","@id":"https:\/\/shan-hd.de\/index.php\/team-unternehmenskontakte\/#primaryimage","url":"https:\/\/shan-hd.de\/wp-content\/uploads\/2024\/04\/SHAN-23.05.30-10-edited.jpg","contentUrl":"https:\/\/shan-hd.de\/wp-content\/uploads\/2024\/04\/SHAN-23.05.30-10-edited.jpg","width":2561,"height":1708},{"@type":"BreadcrumbList","@id":"https:\/\/shan-hd.de\/index.php\/team-unternehmenskontakte\/#breadcrumb","itemListElement":[{"@type":"ListItem","position":1,"name":"Startseite","item":"https:\/\/shan-hd.de\/"},{"@type":"ListItem","position":2,"name":"Team Unternehmenskontakte"}]},{"@type":"WebSite","@id":"https:\/\/shan-hd.de\/#website","url":"https:\/\/shan-hd.de\/","name":"SHAN e.V.","description":"Sinologie Heidelberg Alumni-Netzwerk","publisher":{"@id":"https:\/\/shan-hd.de\/#organization"},"potentialAction":[{"@type":"SearchAction","target":{"@type":"EntryPoint","urlTemplate":"https:\/\/shan-hd.de\/?s={search_term_string}"},"query-input":{"@type":"PropertyValueSpecification","valueRequired":true,"valueName":"search_term_string"}}],"inLanguage":"de"},{"@type":"Organization","@id":"https:\/\/shan-hd.de\/#organization","name":"SHAN e.V.","url":"https:\/\/shan-hd.de\/","logo":{"@type":"ImageObject","inLanguage":"de","@id":"https:\/\/shan-hd.de\/#\/schema\/logo\/image\/","url":"https:\/\/shan-hd.de\/wp-content\/uploads\/2024\/04\/SHANLogoGross.jpg","contentUrl":"https:\/\/shan-hd.de\/wp-content\/uploads\/2024\/04\/SHANLogoGross.jpg","width":645,"height":371,"caption":"SHAN e.V."},"image":{"@id":"https:\/\/shan-hd.de\/#\/schema\/logo\/image\/"}}]}},"_links":{"self":[{"href":"https:\/\/shan-hd.de\/index.php\/wp-json\/wp\/v2\/pages\/72","targetHints":{"allow":["GET"]}}],"collection":[{"href":"https:\/\/shan-hd.de\/index.php\/wp-json\/wp\/v2\/pages"}],"about":[{"href":"https:\/\/shan-hd.de\/index.php\/wp-json\/wp\/v2\/types\/page"}],"author":[{"embeddable":true,"href":"https:\/\/shan-hd.de\/index.php\/wp-json\/wp\/v2\/users\/1"}],"replies":[{"embeddable":true,"href":"https:\/\/shan-hd.de\/index.php\/wp-json\/wp\/v2\/comments?post=72"}],"version-history":[{"count":3,"href":"https:\/\/shan-hd.de\/index.php\/wp-json\/wp\/v2\/pages\/72\/revisions"}],"predecessor-version":[{"id":96,"href":"https:\/\/shan-hd.de\/index.php\/wp-json\/wp\/v2\/pages\/72\/revisions\/96"}],"wp:attachment":[{"href":"https:\/\/shan-hd.de\/index.php\/wp-json\/wp\/v2\/media?parent=72"}],"curies":[{"name":"wp","href":"https:\/\/api.w.org\/{rel}","templated":true}]}}